{"id":450,"date":"2019-07-08T22:40:26","date_gmt":"2019-07-08T20:40:26","guid":{"rendered":"https:\/\/www.ccozy.fr\/?page_id=450"},"modified":"2019-07-08T22:57:47","modified_gmt":"2019-07-08T20:57:47","slug":"creation-despaces-de-vie","status":"publish","type":"page","link":"https:\/\/www.ccozy.fr\/design\/creation-despaces-de-vie\/","title":{"rendered":"Espaces de vie"},"content":{"rendered":"<p>Designer d\u2019Environnement,<br \/>\nJe con\u00e7ois des espaces recevant du public : Caf\u00e9, Restaurant, Bar, Bar \u00e0 th\u00e8me, Boutique&#8230;,<br \/>\nDes Sc\u00e9nographies pour l\u2019\u00e9v\u00e9nementiel : Stand, Lancement de produits, Exposition, D\u00e9fil\u00e9&#8230;,<\/p>\n<p>L\u2019esprit qui m&rsquo;anime s\u2019inscrit dans la recherche d&rsquo;une parfaite harmonie pour la conception des espaces de vie, un juste \u00e9quilibre de 3 fondamentaux :<\/p>\n<div style=\"text-align: center;\"><strong>\u201dErgonomie &#8211; R\u00e9partition Spatiale &#8211; Formes et Ambiances \u201d<\/strong><\/div>\n<p>Ces \u00e9l\u00e9ments r\u00e9unis deviennent homog\u00e8nes et indissociables dans l&rsquo;Espace ainsi cr\u00e9\u00e9, celui-ci par une suite de d\u00e9ductions prend la forme de l&rsquo;Objet.<\/p>\n<p>Ainsi j\u2019\u00e9volue dans le projet pour \u00e9purer de synth\u00e8se en synth\u00e8se et parvenir au final \u00e0 ne plus rien soustraire ni \u00e0 rajouter, en soit une pertinente opposition \u00e0 tous superflux.<\/p>\n<p>Pour chaque Projet que je con\u00e7ois, je cr\u00e9e ses meubles, ses objets singuliers, des cr\u00e9ations Insolites et des pi\u00e8ces uniques, qui font naitre l&rsquo;\u00e9vidence : le \u00ab\u00a0\u00e7a va de soit\u00a0\u00bb recherch\u00e9.<\/p>\n<p>Le mouvement du Bauhaus est mon \u00c9cole, Alvar Aalto est mon Mentor, les nouvelles technologies et nouveaux mat\u00e9riaux sont mes Outils, la Nature et l\u2019Environnement : ma source d\u2019inspiration.<\/p>\n","protected":false},"excerpt":{"rendered":"<p>Designer d\u2019Environnement, Je con\u00e7ois des espaces recevant du public : Caf\u00e9, Restaurant, Bar, Bar \u00e0 th\u00e8me,&hellip;<\/p>\n","protected":false},"author":1,"featured_media":0,"parent":0,"menu_order":0,"comment_status":"closed","ping_status":"closed","template":"","meta":{"footnotes":""},"class_list":["post-450","page","type-page","status-publish","hentry"],"_links":{"self":[{"href":"https:\/\/www.ccozy.fr\/design\/wp-json\/wp\/v2\/pages\/450","targetHints":{"allow":["GET"]}}],"collection":[{"href":"https:\/\/www.ccozy.fr\/design\/wp-json\/wp\/v2\/pages"}],"about":[{"href":"https:\/\/www.ccozy.fr\/design\/wp-json\/wp\/v2\/types\/page"}],"author":[{"embeddable":true,"href":"https:\/\/www.ccozy.fr\/design\/wp-json\/wp\/v2\/users\/1"}],"replies":[{"embeddable":true,"href":"https:\/\/www.ccozy.fr\/design\/wp-json\/wp\/v2\/comments?post=450"}],"version-history":[{"count":11,"href":"https:\/\/www.ccozy.fr\/design\/wp-json\/wp\/v2\/pages\/450\/revisions"}],"predecessor-version":[{"id":462,"href":"https:\/\/www.ccozy.fr\/design\/wp-json\/wp\/v2\/pages\/450\/revisions\/462"}],"wp:attachment":[{"href":"https:\/\/www.ccozy.fr\/design\/wp-json\/wp\/v2\/media?parent=450"}],"curies":[{"name":"wp","href":"https:\/\/api.w.org\/{rel}","templated":true}]}}