{"id":13,"date":"2016-11-02T15:01:42","date_gmt":"2016-11-02T14:01:42","guid":{"rendered":"https:\/\/www.ccozy.fr\/?page_id=13"},"modified":"2021-03-10T19:32:30","modified_gmt":"2021-03-10T18:32:30","slug":"le-concept-ccozy","status":"publish","type":"page","link":"https:\/\/www.ccozy.fr\/design\/","title":{"rendered":"Le concept C&rsquo;COZY"},"content":{"rendered":"<div style=\"max-width: 650px; margin: auto; letter-spacing: 3px; text-align: justify; line-height: 30px;\">\n<p>Dans les ann\u00e9es 80, apr\u00e8s ses \u00e9tudes \u00e0 l&rsquo;\u00c9cole Sup\u00e9rieur Des Arts D\u00e9coratifs \u00e0 Paris, Ch\u00e9rif commence, dans son Atelier \u00e0 Charenton-le-Pont, de cr\u00e9er et r\u00e9aliser des meubles et objets, de la pi\u00e8ce unique exclusive sur commande \u00e0 la production en s\u00e9rie.<br \/>\nCh\u00e9rif ne cesse alors d&rsquo;explorer, exp\u00e9rimenter et adapter \u00e0 ses cr\u00e9ations divers mat\u00e9riaux et techniques de construction, dans un registre de formes organiques. Son travail qui s&rsquo;inscrit dans le mouvement postmoderne lui vaut la reconnaissance de ses pairs.<\/p>\n<p>Il entame une recherche en Finlande consacr\u00e9e au designer Alvar Aalto, \u00e0 qui il rend hommage en 1993.<br \/>\nCh\u00e9rif est un actif, et son travail dans les ann\u00e9es 90 repr\u00e9sente une tentative exemplaire pour d\u00e9velopper un autre langage que celui des meubles qui l&rsquo;ont rendu c\u00e9l\u00e8bre : le restaurant Toi \u00e0 Paris &#8211; Champs Elys\u00e9es, le T\u00e9atro \u00e0 Bahrein sont ses nouvelles r\u00e9alisations.<\/p>\n<p>Dans chacune de ses \u0153uvres, Ch\u00e9rif, soucieux de l&rsquo;\u00e9quilibre parfait des lignes et des proportions, en qu\u00eate permanente d&rsquo;une harmonie susceptible de r\u00e9unir \u00e9troitement trois \u00e9l\u00e9ments indispensables dans la synth\u00e8se de ses cr\u00e9ations : \u00ab Ligne &#8211; Mat\u00e9riaux &#8211; Confort \u00bb. Ch\u00e9rif en reste intimement convaincu, un \u00e9l\u00e9ment fait d\u00e9faut, et c&rsquo;est la p\u00e9rennit\u00e9 de ses cr\u00e9ations qui en d\u00e9pend.<\/p>\n<p style=\"text-align: right;\">G\u00e9rard Jacquemoud-Collet<\/p>\n<\/div>\n<p>&nbsp;<\/p>\n<div id=\"metaslider-id-336\" style=\"width: 100%; margin: 0 auto;\" class=\"ml-slider-3-27-13 metaslider metaslider-flex metaslider-336 ml-slider nav-hidden\">\n    <div id=\"metaslider_container_336\">\n        <div id=\"metaslider_336\">\n            <ul aria-live=\"polite\" class=\"slides\">\n                <li style=\"display: block; width: 100%;\" class=\"slide-337 ms-image\"><img loading=\"lazy\" decoding=\"async\" src=\"https:\/\/www.ccozy.fr\/design\/wp-content\/uploads\/2017\/01\/01Planche_Web_79.jpg\" height=\"650\" width=\"900\" alt=\"\" class=\"slider-336 slide-337\" \/><\/li>\n                <li style=\"display: none; width: 100%;\" class=\"slide-338 ms-image\"><img loading=\"lazy\" decoding=\"async\" src=\"https:\/\/www.ccozy.fr\/design\/wp-content\/uploads\/2017\/01\/02Planche_Web_80.jpg\" height=\"650\" width=\"900\" alt=\"\" class=\"slider-336 slide-338\" \/><\/li>\n                <li style=\"display: none; width: 100%;\" class=\"slide-339 ms-image\"><img loading=\"lazy\" decoding=\"async\" src=\"https:\/\/www.ccozy.fr\/design\/wp-content\/uploads\/2017\/01\/03Planche_Web_81.jpg\" height=\"650\" width=\"900\" alt=\"\" class=\"slider-336 slide-339\" \/><\/li>\n                <li style=\"display: none; width: 100%;\" class=\"slide-340 ms-image\"><img loading=\"lazy\" decoding=\"async\" src=\"https:\/\/www.ccozy.fr\/design\/wp-content\/uploads\/2017\/01\/04Planche_Web_82.jpg\" height=\"650\" width=\"900\" alt=\"\" class=\"slider-336 slide-340\" \/><\/li>\n                <li style=\"display: none; width: 100%;\" class=\"slide-341 ms-image\"><img loading=\"lazy\" decoding=\"async\" src=\"https:\/\/www.ccozy.fr\/design\/wp-content\/uploads\/2017\/01\/05Planche_Web_83.jpg\" height=\"650\" width=\"900\" alt=\"\" class=\"slider-336 slide-341\" \/><\/li>\n                <li style=\"display: none; width: 100%;\" class=\"slide-342 ms-image\"><img loading=\"lazy\" decoding=\"async\" src=\"https:\/\/www.ccozy.fr\/design\/wp-content\/uploads\/2017\/01\/06Planche_Web_84.jpg\" height=\"650\" width=\"900\" alt=\"\" class=\"slider-336 slide-342\" \/><\/li>\n                <li style=\"display: none; width: 100%;\" class=\"slide-343 ms-image\"><img loading=\"lazy\" decoding=\"async\" src=\"https:\/\/www.ccozy.fr\/design\/wp-content\/uploads\/2017\/01\/07Planche_Web37.jpg\" height=\"650\" width=\"900\" alt=\"\" class=\"slider-336 slide-343\" \/><\/li>\n            <\/ul>\n        <\/div>\n        \n    <\/div>\n<\/div>\n<div style=\"max-width: 650px; margin: auto; letter-spacing: 3px; text-align: justify; line-height: 30px;\">\n<p><img loading=\"lazy\" decoding=\"async\" class=\"size-medium wp-image-129 aligncenter\" src=\"https:\/\/www.ccozy.fr\/wp-content\/uploads\/2016\/11\/IMG_3661-300x300.jpg\" alt=\"img_3661\" width=\"300\" height=\"300\" srcset=\"https:\/\/www.ccozy.fr\/design\/wp-content\/uploads\/2016\/11\/IMG_3661-300x300.jpg 300w, https:\/\/www.ccozy.fr\/design\/wp-content\/uploads\/2016\/11\/IMG_3661-150x150.jpg 150w, https:\/\/www.ccozy.fr\/design\/wp-content\/uploads\/2016\/11\/IMG_3661-768x766.jpg 768w, https:\/\/www.ccozy.fr\/design\/wp-content\/uploads\/2016\/11\/IMG_3661-1024x1021.jpg 1024w, https:\/\/www.ccozy.fr\/design\/wp-content\/uploads\/2016\/11\/IMG_3661-400x400.jpg 400w, https:\/\/www.ccozy.fr\/design\/wp-content\/uploads\/2016\/11\/IMG_3661.jpg 1535w\" sizes=\"auto, (max-width: 300px) 100vw, 300px\" \/><\/p>\n<\/div>\n","protected":false},"excerpt":{"rendered":"<p>Dans les ann\u00e9es 80, apr\u00e8s ses \u00e9tudes \u00e0 l&rsquo;\u00c9cole Sup\u00e9rieur Des Arts D\u00e9coratifs \u00e0 Paris, Ch\u00e9rif&hellip;<\/p>\n","protected":false},"author":1,"featured_media":0,"parent":0,"menu_order":0,"comment_status":"closed","ping_status":"closed","template":"","meta":{"footnotes":""},"class_list":["post-13","page","type-page","status-publish","hentry"],"_links":{"self":[{"href":"https:\/\/www.ccozy.fr\/design\/wp-json\/wp\/v2\/pages\/13","targetHints":{"allow":["GET"]}}],"collection":[{"href":"https:\/\/www.ccozy.fr\/design\/wp-json\/wp\/v2\/pages"}],"about":[{"href":"https:\/\/www.ccozy.fr\/design\/wp-json\/wp\/v2\/types\/page"}],"author":[{"embeddable":true,"href":"https:\/\/www.ccozy.fr\/design\/wp-json\/wp\/v2\/users\/1"}],"replies":[{"embeddable":true,"href":"https:\/\/www.ccozy.fr\/design\/wp-json\/wp\/v2\/comments?post=13"}],"version-history":[{"count":11,"href":"https:\/\/www.ccozy.fr\/design\/wp-json\/wp\/v2\/pages\/13\/revisions"}],"predecessor-version":[{"id":476,"href":"https:\/\/www.ccozy.fr\/design\/wp-json\/wp\/v2\/pages\/13\/revisions\/476"}],"wp:attachment":[{"href":"https:\/\/www.ccozy.fr\/design\/wp-json\/wp\/v2\/media?parent=13"}],"curies":[{"name":"wp","href":"https:\/\/api.w.org\/{rel}","templated":true}]}}